{"id":709,"date":"2020-04-22T09:19:18","date_gmt":"2020-04-22T12:19:18","guid":{"rendered":"https:\/\/bridge356.qodeinteractive.com\/?page_id=112"},"modified":"2022-02-20T15:35:09","modified_gmt":"2022-02-20T18:35:09","slug":"abou-us","status":"publish","type":"page","link":"https:\/\/lodo.com.ar\/en\/abou-us\/","title":{"rendered":"US"},"content":{"rendered":"<div data-elementor-type=\"wp-page\" data-elementor-id=\"709\" class=\"elementor elementor-709\" data-elementor-settings=\"[]\">\n\t\t\t\t\t\t\t<div class=\"elementor-section-wrap\">\n\t\t\t\t\t\t\t<section class=\"elementor-section elementor-top-section elementor-element elementor-element-ddfe03f elementor-section-full_width elementor-section-height-default elementor-section-height-default parallax_section_no qode_elementor_container_no\" data-id=\"ddfe03f\" data-element_type=\"section\">\n\t\t\t\t\t\t<div class=\"elementor-container elementor-column-gap-no\">\n\t\t\t\t\t<div class=\"elementor-column elementor-col-100 elementor-top-column elementor-element elementor-element-624930b\" data-id=\"624930b\" data-element_type=\"column\">\n\t\t\t<div class=\"elementor-widget-wrap elementor-element-populated\">\n\t\t\t\t\t\t\t\t<div class=\"elementor-element elementor-element-3a98e90 elementor-widget elementor-widget-image\" data-id=\"3a98e90\" data-element_type=\"widget\" data-widget_type=\"image.default\">\n\t\t\t\t<div class=\"elementor-widget-container\">\n\t\t\t\t\t\t\t\t\t\t\t\t\t\t\t<img width=\"1365\" height=\"458\" src=\"https:\/\/lodo.com.ar\/wp-content\/uploads\/2021\/09\/1-1-1.jpg\" class=\"attachment-full size-full\" alt=\"\" loading=\"lazy\" srcset=\"https:\/\/lodo.com.ar\/wp-content\/uploads\/2021\/09\/1-1-1.jpg 1365w, https:\/\/lodo.com.ar\/wp-content\/uploads\/2021\/09\/1-1-1-600x201.jpg 600w, https:\/\/lodo.com.ar\/wp-content\/uploads\/2021\/09\/1-1-1-300x101.jpg 300w, https:\/\/lodo.com.ar\/wp-content\/uploads\/2021\/09\/1-1-1-1024x344.jpg 1024w, https:\/\/lodo.com.ar\/wp-content\/uploads\/2021\/09\/1-1-1-768x258.jpg 768w, https:\/\/lodo.com.ar\/wp-content\/uploads\/2021\/09\/1-1-1-700x235.jpg 700w\" sizes=\"(max-width: 1365px) 100vw, 1365px\" \/>\t\t\t\t\t\t\t\t\t\t\t\t\t\t\t<\/div>\n\t\t\t\t<\/div>\n\t\t\t\t\t<\/div>\n\t\t<\/div>\n\t\t\t\t\t\t\t<\/div>\n\t\t<\/section>\n\t\t\t\t<section class=\"elementor-section elementor-top-section elementor-element elementor-element-3c660bd4 elementor-section-full_width elementor-section-content-middle elementor-section-height-default elementor-section-height-default parallax_section_no qode_elementor_container_no\" data-id=\"3c660bd4\" data-element_type=\"section\">\n\t\t\t\t\t\t<div class=\"elementor-container elementor-column-gap-no\">\n\t\t\t\t\t<div class=\"elementor-column elementor-col-50 elementor-top-column elementor-element elementor-element-4ebc42bf\" data-id=\"4ebc42bf\" data-element_type=\"column\">\n\t\t\t<div class=\"elementor-widget-wrap elementor-element-populated\">\n\t\t\t\t\t\t\t\t<div class=\"elementor-element elementor-element-e6a5930 elementor-widget elementor-widget-heading\" data-id=\"e6a5930\" data-element_type=\"widget\" data-widget_type=\"heading.default\">\n\t\t\t\t<div class=\"elementor-widget-container\">\n\t\t\t<h1 class=\"elementor-heading-title elementor-size-default\">LIVE ARTS<\/h1>\t\t<\/div>\n\t\t\t\t<\/div>\n\t\t\t\t<div class=\"elementor-element elementor-element-2b93ad57 elementor-widget elementor-widget-text-editor\" data-id=\"2b93ad57\" data-element_type=\"widget\" data-widget_type=\"text-editor.default\">\n\t\t\t\t<div class=\"elementor-widget-container\">\n\t\t\t\t\t\t\t<h1>About LODO<\/h1>\t\t\t\t\t\t<\/div>\n\t\t\t\t<\/div>\n\t\t\t\t<div class=\"elementor-element elementor-element-5632ceeb elementor-widget elementor-widget-text-editor\" data-id=\"5632ceeb\" data-element_type=\"widget\" data-widget_type=\"text-editor.default\">\n\t\t\t\t<div class=\"elementor-widget-container\">\n\t\t\t\t\t\t\t<h5>LODO is the permanent and continuous construction of a network of artists, managers, institutions, public and private funds that strengthens the development of emerging projects in dance, theater, performance, site specific, contemporary art and activism in interaction with specific cultural contexts.<\/h5>\t\t\t\t\t\t<\/div>\n\t\t\t\t<\/div>\n\t\t\t\t\t<\/div>\n\t\t<\/div>\n\t\t\t\t<div class=\"elementor-column elementor-col-50 elementor-top-column elementor-element elementor-element-4bd12bca\" data-id=\"4bd12bca\" data-element_type=\"column\">\n\t\t\t<div class=\"elementor-widget-wrap elementor-element-populated\">\n\t\t\t\t\t\t\t\t<div class=\"elementor-element elementor-element-40c31b9 elementor-widget elementor-widget-heading\" data-id=\"40c31b9\" data-element_type=\"widget\" data-widget_type=\"heading.default\">\n\t\t\t\t<div class=\"elementor-widget-container\">\n\t\t\t<h4 class=\"elementor-heading-title elementor-size-default\">Partners<\/h4>\t\t<\/div>\n\t\t\t\t<\/div>\n\t\t\t\t<section class=\"elementor-section elementor-inner-section elementor-element elementor-element-35acc35 elementor-section-full_width elementor-section-height-default elementor-section-height-default parallax_section_no qode_elementor_container_no\" data-id=\"35acc35\" data-element_type=\"section\">\n\t\t\t\t\t\t<div class=\"elementor-container elementor-column-gap-custom\">\n\t\t\t\t\t<div class=\"elementor-column elementor-col-25 elementor-inner-column elementor-element elementor-element-3815d7cc\" data-id=\"3815d7cc\" data-element_type=\"column\">\n\t\t\t<div class=\"elementor-widget-wrap elementor-element-populated\">\n\t\t\t\t\t\t\t\t<div class=\"elementor-element elementor-element-2cb69850 elementor-widget elementor-widget-text-editor\" data-id=\"2cb69850\" data-element_type=\"widget\" data-widget_type=\"text-editor.default\">\n\t\t\t\t<div class=\"elementor-widget-container\">\n\t\t\t\t\t\t\t<p><span style=\"font-weight: 400;\">KVS Brussels<\/span><\/p><p><span style=\"font-weight: 400;\">Centro Cultural de la Memoria Haroldo Conti<\/span><\/p><p><span style=\"font-weight: 400;\">FIAC Bahia<\/span><\/p><p><span style=\"font-weight: 400;\">k7 productions<\/span><\/p><p><span style=\"font-weight: 400;\">Granate<\/span><\/p><p><span style=\"font-weight: 400;\">Centro Rural de Arte<\/span><\/p><p><span style=\"font-weight: 400;\">Espaice Crois\u00e9<\/span><\/p><p><span style=\"font-weight: 400;\">Cinec\u00f3n\u00a0<\/span><\/p><p><span style=\"font-weight: 400;\">C3 Centro Cultural de la Ciencia<\/span><\/p>\t\t\t\t\t\t<\/div>\n\t\t\t\t<\/div>\n\t\t\t\t\t<\/div>\n\t\t<\/div>\n\t\t\t\t<div class=\"elementor-column elementor-col-25 elementor-inner-column elementor-element elementor-element-7105b30d\" data-id=\"7105b30d\" data-element_type=\"column\">\n\t\t\t<div class=\"elementor-widget-wrap elementor-element-populated\">\n\t\t\t\t\t\t\t\t<div class=\"elementor-element elementor-element-5ffad3e2 elementor-widget elementor-widget-text-editor\" data-id=\"5ffad3e2\" data-element_type=\"widget\" data-widget_type=\"text-editor.default\">\n\t\t\t\t<div class=\"elementor-widget-container\">\n\t\t\t\t\t\t\t<p><span style=\"font-weight: 400;\">Paco Urondo<\/span><\/p><p><span style=\"font-weight: 400;\">Melina Seldes<\/span><\/p><p><span style=\"font-weight: 400;\">Centro Universitario de Tilcara<\/span><\/p><p><span style=\"font-weight: 400;\">Ulmus Gesti\u00f3n<\/span><\/p><p><span style=\"font-weight: 400;\">Centro Cultural Matta<\/span><\/p><p><span style=\"font-weight: 400;\">Casa Entre R\u00edos<\/span><\/p><p><span style=\"font-weight: 400;\">Lem<\/span><\/p><p><span style=\"font-weight: 400;\">Casa Temenos<\/span><\/p><p><span style=\"font-weight: 400;\">El Sabato<br \/><\/span><span style=\"background-color: #ffffff;\">Club Cultural Matienzo<\/span><span style=\"font-weight: 400;\"><br \/><\/span><\/p><p style=\"background-color: #ffffff;\">\u00a0<\/p>\t\t\t\t\t\t<\/div>\n\t\t\t\t<\/div>\n\t\t\t\t\t<\/div>\n\t\t<\/div>\n\t\t\t\t<div class=\"elementor-column elementor-col-25 elementor-inner-column elementor-element elementor-element-5de5f191\" data-id=\"5de5f191\" data-element_type=\"column\">\n\t\t\t<div class=\"elementor-widget-wrap elementor-element-populated\">\n\t\t\t\t\t\t\t\t<div class=\"elementor-element elementor-element-cfccfa1 elementor-widget elementor-widget-text-editor\" data-id=\"cfccfa1\" data-element_type=\"widget\" data-widget_type=\"text-editor.default\">\n\t\t\t\t<div class=\"elementor-widget-container\">\n\t\t\t\t\t\t\t<p><span style=\"background-color: #ffffff;\">Hiedra<\/span><span style=\"font-weight: 400;\"><br \/><\/span><\/p><p>La creciente<\/p><p>La Sede<br \/>Centro Cultural Recoleta<br \/>Centro Cultural 25 de Mayo<br \/>DocumentA\/Esc\u00e9nicas<br \/>De Po\u00e9ticas Corporales<br \/><span style=\"background-color: #ffffff;\">Espacio de Arte Contempor\u00e1neo<br \/><\/span>NODO<\/p>\t\t\t\t\t\t<\/div>\n\t\t\t\t<\/div>\n\t\t\t\t\t<\/div>\n\t\t<\/div>\n\t\t\t\t<div class=\"elementor-column elementor-col-25 elementor-inner-column elementor-element elementor-element-4dcbedc4\" data-id=\"4dcbedc4\" data-element_type=\"column\">\n\t\t\t<div class=\"elementor-widget-wrap elementor-element-populated\">\n\t\t\t\t\t\t\t\t<div class=\"elementor-element elementor-element-4bd0da91 elementor-widget elementor-widget-text-editor\" data-id=\"4bd0da91\" data-element_type=\"widget\" data-widget_type=\"text-editor.default\">\n\t\t\t\t<div class=\"elementor-widget-container\">\n\t\t\t\t\t\t\t<p>CINECON<br \/>ARTSTUDIO<br \/>La mecedora<br \/>EOFA Embassy of foreign artists<br \/>Reconnect<br \/>Work it out<\/p>\t\t\t\t\t\t<\/div>\n\t\t\t\t<\/div>\n\t\t\t\t\t<\/div>\n\t\t<\/div>\n\t\t\t\t\t\t\t<\/div>\n\t\t<\/section>\n\t\t\t\t\t<\/div>\n\t\t<\/div>\n\t\t\t\t\t\t\t<\/div>\n\t\t<\/section>\n\t\t\t\t<section style=\"background-image: url(http:\/\/lodo.com.ar\/wp-content\/uploads\/2021\/09\/2-1-scaled.jpg);\" class=\"parallax_section_holder elementor-section elementor-top-section elementor-element elementor-element-7fa74ca elementor-section-full_width parallax_section_holder elementor-section-height-default elementor-section-height-default qode_elementor_container_no\" data-speed=\"0\" data-id=\"7fa74ca\" data-element_type=\"section\" data-settings=\"{&quot;qode_parallax_image&quot;:{&quot;url&quot;:&quot;http:\\\/\\\/lodo.com.ar\\\/wp-content\\\/uploads\\\/2021\\\/09\\\/2-1-scaled.jpg&quot;,&quot;id&quot;:735,&quot;alt&quot;:&quot;&quot;,&quot;source&quot;:&quot;library&quot;},&quot;background_background&quot;:&quot;slideshow&quot;,&quot;background_slideshow_gallery&quot;:[],&quot;background_slideshow_loop&quot;:&quot;yes&quot;,&quot;background_slideshow_slide_duration&quot;:5000,&quot;background_slideshow_slide_transition&quot;:&quot;fade&quot;,&quot;background_slideshow_transition_duration&quot;:500}\">\n\t\t\t\t\t\t\t<div class=\"elementor-background-overlay\"><\/div>\n\t\t\t\t\t\t\t<div class=\"elementor-container elementor-column-gap-no\">\n\t\t\t\t\t<div class=\"elementor-column elementor-col-100 elementor-top-column elementor-element elementor-element-2516972f\" data-id=\"2516972f\" data-element_type=\"column\">\n\t\t\t<div class=\"elementor-widget-wrap\">\n\t\t\t\t\t\t\t\t\t<\/div>\n\t\t<\/div>\n\t\t\t\t\t\t\t<\/div>\n\t\t<\/section>\n\t\t\t\t<section class=\"elementor-section elementor-top-section elementor-element elementor-element-165ae69 elementor-section-full_width elementor-section-height-default elementor-section-height-default parallax_section_no qode_elementor_container_no\" data-id=\"165ae69\" data-element_type=\"section\">\n\t\t\t\t\t\t<div class=\"elementor-container elementor-column-gap-no\">\n\t\t\t\t\t<div class=\"elementor-column elementor-col-50 elementor-top-column elementor-element elementor-element-14ec05d\" data-id=\"14ec05d\" data-element_type=\"column\">\n\t\t\t<div class=\"elementor-widget-wrap elementor-element-populated\">\n\t\t\t\t\t\t\t\t<div class=\"elementor-element elementor-element-988b065 elementor-widget elementor-widget-heading\" data-id=\"988b065\" data-element_type=\"widget\" data-widget_type=\"heading.default\">\n\t\t\t\t<div class=\"elementor-widget-container\">\n\t\t\t<h1 class=\"elementor-heading-title elementor-size-default\">TEAM<\/h1>\t\t<\/div>\n\t\t\t\t<\/div>\n\t\t\t\t<div class=\"elementor-element elementor-element-821efb9 elementor-widget elementor-widget-text-editor\" data-id=\"821efb9\" data-element_type=\"widget\" data-widget_type=\"text-editor.default\">\n\t\t\t\t<div class=\"elementor-widget-container\">\n\t\t\t\t\t\t\t<h1>US<\/h1>\t\t\t\t\t\t<\/div>\n\t\t\t\t<\/div>\n\t\t\t\t\t<\/div>\n\t\t<\/div>\n\t\t\t\t<div class=\"elementor-column elementor-col-50 elementor-top-column elementor-element elementor-element-ebbc336\" data-id=\"ebbc336\" data-element_type=\"column\">\n\t\t\t<div class=\"elementor-widget-wrap\">\n\t\t\t\t\t\t\t\t\t<\/div>\n\t\t<\/div>\n\t\t\t\t\t\t\t<\/div>\n\t\t<\/section>\n\t\t\t\t<section class=\"elementor-section elementor-top-section elementor-element elementor-element-a846304 elementor-section-full_width elementor-section-height-default elementor-section-height-default parallax_section_no qode_elementor_container_no\" data-id=\"a846304\" data-element_type=\"section\">\n\t\t\t\t\t\t<div class=\"elementor-container elementor-column-gap-wider\">\n\t\t\t\t\t<div class=\"elementor-column elementor-col-33 elementor-top-column elementor-element elementor-element-f92dc30\" data-id=\"f92dc30\" data-element_type=\"column\">\n\t\t\t<div class=\"elementor-widget-wrap elementor-element-populated\">\n\t\t\t\t\t\t\t\t<div class=\"elementor-element elementor-element-bbc6168 elementor-widget elementor-widget-bridge_team\" data-id=\"bbc6168\" data-element_type=\"widget\" data-widget_type=\"bridge_team.default\">\n\t\t\t\t<div class=\"elementor-widget-container\">\n\t\t\t<div class='q_team' style='background-color:rgba(2, 1, 1, 0);'><div class='q_team_inner'><div class='q_team_image'><img itemprop='image' src='https:\/\/lodo.com.ar\/wp-content\/uploads\/2021\/09\/Marina.jpg' alt='Marina' \/><\/div><div class='q_team_text' ><div class='q_team_text_inner'><div class='q_team_title_holder'><h4 class='q_team_name' style = ''>Marina Quesada<\/h4><span style = ''>Art Director<\/span><\/div><\/div><div class='q_team_social_holder'><\/div><\/div><\/div><\/div>\t\t<\/div>\n\t\t\t\t<\/div>\n\t\t\t\t\t<\/div>\n\t\t<\/div>\n\t\t\t\t<div class=\"elementor-column elementor-col-33 elementor-top-column elementor-element elementor-element-c12b7f2\" data-id=\"c12b7f2\" data-element_type=\"column\">\n\t\t\t<div class=\"elementor-widget-wrap elementor-element-populated\">\n\t\t\t\t\t\t\t\t<div class=\"elementor-element elementor-element-c4fbffc elementor-widget elementor-widget-bridge_team\" data-id=\"c4fbffc\" data-element_type=\"widget\" data-widget_type=\"bridge_team.default\">\n\t\t\t\t<div class=\"elementor-widget-container\">\n\t\t\t<div class='q_team' style='background-color:rgba(2, 1, 1, 0);'><div class='q_team_inner'><div class='q_team_image'><img itemprop='image' src='https:\/\/lodo.com.ar\/wp-content\/uploads\/2021\/09\/Paula.jpg' alt='Paula' \/><\/div><div class='q_team_text' ><div class='q_team_text_inner'><div class='q_team_title_holder'><h4 class='q_team_name' style = ''>Paula Bar\u00f3<\/h4><span style = ''>Art Director<\/span><\/div><\/div><div class='q_team_social_holder'><\/div><\/div><\/div><\/div>\t\t<\/div>\n\t\t\t\t<\/div>\n\t\t\t\t\t<\/div>\n\t\t<\/div>\n\t\t\t\t<div class=\"elementor-column elementor-col-33 elementor-top-column elementor-element elementor-element-3557e3c\" data-id=\"3557e3c\" data-element_type=\"column\">\n\t\t\t<div class=\"elementor-widget-wrap elementor-element-populated\">\n\t\t\t\t\t\t\t\t<div class=\"elementor-element elementor-element-38e711d elementor-widget elementor-widget-bridge_team\" data-id=\"38e711d\" data-element_type=\"widget\" data-widget_type=\"bridge_team.default\">\n\t\t\t\t<div class=\"elementor-widget-container\">\n\t\t\t<div class='q_team' style='background-color:rgba(2, 1, 1, 0);'><div class='q_team_inner'><div class='q_team_image'><img itemprop='image' src='https:\/\/lodo.com.ar\/wp-content\/uploads\/2021\/09\/Daniela.jpg' alt='Daniela' \/><\/div><div class='q_team_text' ><div class='q_team_text_inner'><div class='q_team_title_holder'><h4 class='q_team_name' style = ''>Daniela Almir\u00f3n<\/h4><span style = ''>Production &amp; communication<\/span><\/div><\/div><div class='q_team_social_holder'><\/div><\/div><\/div><\/div>\t\t<\/div>\n\t\t\t\t<\/div>\n\t\t\t\t\t<\/div>\n\t\t<\/div>\n\t\t\t\t\t\t\t<\/div>\n\t\t<\/section>\n\t\t\t\t\t\t<\/div>\n\t\t\t\t\t<\/div>","protected":false},"excerpt":{"rendered":"<p>ARTES VIVAS Sobre LODO LODO es la construcci\u00f3n permanente y continua de una red de artistas, gestores, instituciones, fondos p\u00fablicos y privados que fortalece el desarrollo de proyectos emergentes de danza, teatro, performance, site specific, arte contempor\u00e1neo y activismo en interacci\u00f3n con contextos culturales espec\u00edficos&#8230;.<\/p>","protected":false},"author":1,"featured_media":0,"parent":0,"menu_order":7,"comment_status":"closed","ping_status":"closed","template":"full_width.php","meta":[],"_links":{"self":[{"href":"https:\/\/lodo.com.ar\/en\/wp-json\/wp\/v2\/pages\/709"}],"collection":[{"href":"https:\/\/lodo.com.ar\/en\/wp-json\/wp\/v2\/pages"}],"about":[{"href":"https:\/\/lodo.com.ar\/en\/wp-json\/wp\/v2\/types\/page"}],"author":[{"embeddable":true,"href":"https:\/\/lodo.com.ar\/en\/wp-json\/wp\/v2\/users\/1"}],"replies":[{"embeddable":true,"href":"https:\/\/lodo.com.ar\/en\/wp-json\/wp\/v2\/comments?post=709"}],"version-history":[{"count":19,"href":"https:\/\/lodo.com.ar\/en\/wp-json\/wp\/v2\/pages\/709\/revisions"}],"predecessor-version":[{"id":1389,"href":"https:\/\/lodo.com.ar\/en\/wp-json\/wp\/v2\/pages\/709\/revisions\/1389"}],"wp:attachment":[{"href":"https:\/\/lodo.com.ar\/en\/wp-json\/wp\/v2\/media?parent=709"}],"curies":[{"name":"wp","href":"https:\/\/api.w.org\/{rel}","templated":true}]}}