{"id":710,"date":"2020-04-22T10:03:30","date_gmt":"2020-04-22T13:03:30","guid":{"rendered":"https:\/\/bridge356.qodeinteractive.com\/?page_id=139"},"modified":"2021-10-04T16:51:17","modified_gmt":"2021-10-04T19:51:17","slug":"history","status":"publish","type":"page","link":"https:\/\/lodo.com.ar\/en\/history\/","title":{"rendered":"History"},"content":{"rendered":"<div data-elementor-type=\"wp-page\" data-elementor-id=\"710\" class=\"elementor elementor-710\" data-elementor-settings=\"[]\">\n\t\t\t\t\t\t\t<div class=\"elementor-section-wrap\">\n\t\t\t\t\t\t\t<section class=\"elementor-section elementor-top-section elementor-element elementor-element-3ab36b1 elementor-section-full_width elementor-section-height-default elementor-section-height-default parallax_section_no qode_elementor_container_no\" data-id=\"3ab36b1\" data-element_type=\"section\">\n\t\t\t\t\t\t<div class=\"elementor-container elementor-column-gap-no\">\n\t\t\t\t\t<div class=\"elementor-column elementor-col-100 elementor-top-column elementor-element elementor-element-d872322\" data-id=\"d872322\" data-element_type=\"column\">\n\t\t\t<div class=\"elementor-widget-wrap elementor-element-populated\">\n\t\t\t\t\t\t\t\t<div class=\"elementor-element elementor-element-b46a28a elementor-widget elementor-widget-image\" data-id=\"b46a28a\" data-element_type=\"widget\" data-widget_type=\"image.default\">\n\t\t\t\t<div class=\"elementor-widget-container\">\n\t\t\t\t\t\t\t\t\t\t\t\t\t\t\t<img width=\"2560\" height=\"858\" src=\"https:\/\/lodo.com.ar\/wp-content\/uploads\/2021\/09\/portada-scaled.jpg\" class=\"attachment-full size-full\" alt=\"\" loading=\"lazy\" srcset=\"https:\/\/lodo.com.ar\/wp-content\/uploads\/2021\/09\/portada-scaled.jpg 2560w, https:\/\/lodo.com.ar\/wp-content\/uploads\/2021\/09\/portada-300x101.jpg 300w, https:\/\/lodo.com.ar\/wp-content\/uploads\/2021\/09\/portada-1024x343.jpg 1024w, https:\/\/lodo.com.ar\/wp-content\/uploads\/2021\/09\/portada-768x258.jpg 768w, https:\/\/lodo.com.ar\/wp-content\/uploads\/2021\/09\/portada-1536x515.jpg 1536w, https:\/\/lodo.com.ar\/wp-content\/uploads\/2021\/09\/portada-2048x687.jpg 2048w, https:\/\/lodo.com.ar\/wp-content\/uploads\/2021\/09\/portada-700x235.jpg 700w, https:\/\/lodo.com.ar\/wp-content\/uploads\/2021\/09\/portada-600x201.jpg 600w\" sizes=\"(max-width: 2560px) 100vw, 2560px\" \/>\t\t\t\t\t\t\t\t\t\t\t\t\t\t\t<\/div>\n\t\t\t\t<\/div>\n\t\t\t\t\t<\/div>\n\t\t<\/div>\n\t\t\t\t\t\t\t<\/div>\n\t\t<\/section>\n\t\t\t\t<section class=\"elementor-section elementor-top-section elementor-element elementor-element-45a66c7 qode_elementor_container_inner elementor-section-content-middle elementor-section-full_width elementor-section-height-default elementor-section-height-default parallax_section_no\" data-id=\"45a66c7\" data-element_type=\"section\">\n\t\t\t\t\t\t<div class=\"elementor-container elementor-column-gap-no\">\n\t\t\t\t\t<div class=\"elementor-column elementor-col-50 elementor-top-column elementor-element elementor-element-4c56c49\" data-id=\"4c56c49\" data-element_type=\"column\">\n\t\t\t<div class=\"elementor-widget-wrap elementor-element-populated\">\n\t\t\t\t\t\t\t\t<div class=\"elementor-element elementor-element-cdc3e9f elementor-widget elementor-widget-text-editor\" data-id=\"cdc3e9f\" data-element_type=\"widget\" data-widget_type=\"text-editor.default\">\n\t\t\t\t<div class=\"elementor-widget-container\">\n\t\t\t\t\t\t\t<h2>Festivals &amp; Events<\/h2>\t\t\t\t\t\t<\/div>\n\t\t\t\t<\/div>\n\t\t\t\t<div class=\"elementor-element elementor-element-0dcb2d5 elementor-widget elementor-widget-text-editor\" data-id=\"0dcb2d5\" data-element_type=\"widget\" data-widget_type=\"text-editor.default\">\n\t\t\t\t<div class=\"elementor-widget-container\">\n\t\t\t\t\t\t\t<p><span style=\"font-weight: 400;\">The first FESTIVAL LODO was held in 2014 at the Club Cultural Matienzo and started our platform. This event had successive editions in 2015, 2016 and 2018. In each of these, the MARATHON was held, a public activity in which more than 20 works were presented each time and through which the projects and artists who were awarded access to participate in research, creation and exchange residencies and&nbsp;<\/span>training scholarships<\/p>\n<p><span style=\"font-weight: 400;\">In the year 2020 and in the context of the pandemic, the first online event is born: Inhabiting the mud. Thus initiating a new stage of exhibition on the Internet.<\/span><\/p>\t\t\t\t\t\t<\/div>\n\t\t\t\t<\/div>\n\t\t\t\t\t<\/div>\n\t\t<\/div>\n\t\t\t\t<div class=\"elementor-column elementor-col-50 elementor-top-column elementor-element elementor-element-fd2fe5e\" data-id=\"fd2fe5e\" data-element_type=\"column\">\n\t\t\t<div class=\"elementor-widget-wrap elementor-element-populated\">\n\t\t\t\t\t\t\t\t<div class=\"elementor-element elementor-element-d1d17ac elementor-widget elementor-widget-image\" data-id=\"d1d17ac\" data-element_type=\"widget\" data-widget_type=\"image.default\">\n\t\t\t\t<div class=\"elementor-widget-container\">\n\t\t\t\t\t\t\t\t\t\t\t\t\t\t\t<img width=\"920\" height=\"613\" src=\"https:\/\/lodo.com.ar\/wp-content\/uploads\/2021\/09\/Festivales-y-eventos-e1633049382214.jpg\" class=\"attachment-full size-full\" alt=\"\" loading=\"lazy\" \/>\t\t\t\t\t\t\t\t\t\t\t\t\t\t\t<\/div>\n\t\t\t\t<\/div>\n\t\t\t\t\t<\/div>\n\t\t<\/div>\n\t\t\t\t\t\t\t<\/div>\n\t\t<\/section>\n\t\t\t\t<section class=\"elementor-section elementor-top-section elementor-element elementor-element-f045313 qode_elementor_container_inner elementor-section-content-middle elementor-section-full_width elementor-section-height-default elementor-section-height-default parallax_section_no\" data-id=\"f045313\" data-element_type=\"section\">\n\t\t\t\t\t\t<div class=\"elementor-container elementor-column-gap-no\">\n\t\t\t\t\t<div class=\"elementor-column elementor-col-50 elementor-top-column elementor-element elementor-element-dac0758\" data-id=\"dac0758\" data-element_type=\"column\">\n\t\t\t<div class=\"elementor-widget-wrap elementor-element-populated\">\n\t\t\t\t\t\t\t\t<div class=\"elementor-element elementor-element-85f72cb elementor-widget elementor-widget-image\" data-id=\"85f72cb\" data-element_type=\"widget\" data-widget_type=\"image.default\">\n\t\t\t\t<div class=\"elementor-widget-container\">\n\t\t\t\t\t\t\t\t\t\t\t\t\t\t\t<img width=\"1280\" height=\"720\" src=\"https:\/\/lodo.com.ar\/wp-content\/uploads\/2021\/09\/residencias.jpeg\" class=\"attachment-full size-full\" alt=\"\" loading=\"lazy\" srcset=\"https:\/\/lodo.com.ar\/wp-content\/uploads\/2021\/09\/residencias.jpeg 1280w, https:\/\/lodo.com.ar\/wp-content\/uploads\/2021\/09\/residencias-300x169.jpeg 300w, https:\/\/lodo.com.ar\/wp-content\/uploads\/2021\/09\/residencias-1024x576.jpeg 1024w, https:\/\/lodo.com.ar\/wp-content\/uploads\/2021\/09\/residencias-768x432.jpeg 768w, https:\/\/lodo.com.ar\/wp-content\/uploads\/2021\/09\/residencias-700x394.jpeg 700w, https:\/\/lodo.com.ar\/wp-content\/uploads\/2021\/09\/residencias-539x303.jpeg 539w, https:\/\/lodo.com.ar\/wp-content\/uploads\/2021\/09\/residencias-600x338.jpeg 600w\" sizes=\"(max-width: 1280px) 100vw, 1280px\" \/>\t\t\t\t\t\t\t\t\t\t\t\t\t\t\t<\/div>\n\t\t\t\t<\/div>\n\t\t\t\t\t<\/div>\n\t\t<\/div>\n\t\t\t\t<div class=\"elementor-column elementor-col-50 elementor-top-column elementor-element elementor-element-3453f04\" data-id=\"3453f04\" data-element_type=\"column\">\n\t\t\t<div class=\"elementor-widget-wrap elementor-element-populated\">\n\t\t\t\t\t\t\t\t<div class=\"elementor-element elementor-element-bb0b9ef elementor-widget elementor-widget-text-editor\" data-id=\"bb0b9ef\" data-element_type=\"widget\" data-widget_type=\"text-editor.default\">\n\t\t\t\t<div class=\"elementor-widget-container\">\n\t\t\t\t\t\t\t<h2>Residencies<\/h2>\t\t\t\t\t\t<\/div>\n\t\t\t\t<\/div>\n\t\t\t\t<div class=\"elementor-element elementor-element-c221b5e elementor-widget elementor-widget-text-editor\" data-id=\"c221b5e\" data-element_type=\"widget\" data-widget_type=\"text-editor.default\">\n\t\t\t\t<div class=\"elementor-widget-container\">\n\t\t\t\t\t\t\t<p><span style=\"font-weight: 400;\">LODO, together with its partners, has generated more than 60 residencies for research, creation, exchange and training in the Centro Rural de Arte, Caz\u00f3n, Provinicia de Buenos Aires; El Sabato, MARTE - Club Cultural Matienzo, Galer\u00eda Granate, La Sede, LEM, Melina Seldes, Casa Temenos, HIEDRA, C3 - Centro Cultural de La Ciencia, Casa de Entre R\u00edos, Centro Cultural Recoleta and Centro Cultural 25 de Mayo in the Autonomous City of Buenos Aires; La creciente\/ Residencia del R\u00edo, Diamante, Entre R\u00edos; Centro Universitario Tilcara, Facultad de Filosof\u00eda y Letras, UBA, Tilcara, Jujuy; DocumentA\/Esc\u00e9nicas, De Po\u00e9ticas Corporales, and Semana Audiovisual SEDA in C\u00f3rdoba; Espacio de Arte Contempor\u00e1neo, Montevideo, Uruguay; NODO, Valpara\u00edso and CINECON, Constituci\u00f3n in Chile; ARTSTUDIO, Bogot\u00e1, Colombia; La mecedora, Rosarito and Mexico DF, Mexico; Goethe Institut, Salvador de Bah\u00eda, Brazil; EOFA Embassy of foreign artists, Geneva, Switzerland- virtual and Yet to . Com(e), Internet + Argentina, Switzerland, USA, Germany, France, Iran. <\/span><\/p>\t\t\t\t\t\t<\/div>\n\t\t\t\t<\/div>\n\t\t\t\t\t<\/div>\n\t\t<\/div>\n\t\t\t\t\t\t\t<\/div>\n\t\t<\/section>\n\t\t\t\t<section class=\"elementor-section elementor-top-section elementor-element elementor-element-2f70e0c qode_elementor_container_inner elementor-section-content-middle elementor-section-full_width elementor-section-height-default elementor-section-height-default parallax_section_no\" data-id=\"2f70e0c\" data-element_type=\"section\">\n\t\t\t\t\t\t<div class=\"elementor-container elementor-column-gap-no\">\n\t\t\t\t\t<div class=\"elementor-column elementor-col-50 elementor-top-column elementor-element elementor-element-9226934\" data-id=\"9226934\" data-element_type=\"column\">\n\t\t\t<div class=\"elementor-widget-wrap elementor-element-populated\">\n\t\t\t\t\t\t\t\t<div class=\"elementor-element elementor-element-b609961 elementor-widget elementor-widget-text-editor\" data-id=\"b609961\" data-element_type=\"widget\" data-widget_type=\"text-editor.default\">\n\t\t\t\t<div class=\"elementor-widget-container\">\n\t\t\t\t\t\t\t<h2>Meetings &amp; Markets<\/h2>\t\t\t\t\t\t<\/div>\n\t\t\t\t<\/div>\n\t\t\t\t<div class=\"elementor-element elementor-element-c42a23c elementor-widget elementor-widget-text-editor\" data-id=\"c42a23c\" data-element_type=\"widget\" data-widget_type=\"text-editor.default\">\n\t\t\t\t<div class=\"elementor-widget-container\">\n\t\t\t\t\t\t\t<p><span style=\"font-weight: 400;\">LODO has participated in rounds and with papers in Encuentro de Redes Culturales -R\u00edo Cuarto, C\u00f3rdoba, 2015-; Congreso de Tendencias Esc\u00e9nica, Universidad de Palermo, Buenos Aires, 2015; BRAINS \/ MAF - Mestizo Art Festival Antwerp, Belgium under the auspices of the Canciller\u00eda Argentina, 2015; Alto Fest - International Festival of Performing Art and Trans-disciplinary Interventions Naples Italy, 2015; MICA- Mercado de Industrias Creativas Argentina, 2015 and 2017; Festival MIR\u00c1, Universidad de Buenos Aires, Buenos Aires, 2015; Emergencias, Rio de Janeiro, Brazil, 2015; Santiago OFF, Chile, 2016; MIC SUR Bogot\u00e1, Colombia, 2016; PAC Encuentro Iberoamericano sobre desarrollo de p\u00fablicos, audiencias y comunidades, Buenos Aires, 2017.<\/span><\/p>\t\t\t\t\t\t<\/div>\n\t\t\t\t<\/div>\n\t\t\t\t\t<\/div>\n\t\t<\/div>\n\t\t\t\t<div class=\"elementor-column elementor-col-50 elementor-top-column elementor-element elementor-element-5826697\" data-id=\"5826697\" data-element_type=\"column\">\n\t\t\t<div class=\"elementor-widget-wrap elementor-element-populated\">\n\t\t\t\t\t\t\t\t<div class=\"elementor-element elementor-element-caab216 elementor-widget elementor-widget-image\" data-id=\"caab216\" data-element_type=\"widget\" data-widget_type=\"image.default\">\n\t\t\t\t<div class=\"elementor-widget-container\">\n\t\t\t\t\t\t\t\t\t\t\t\t\t\t\t<img width=\"2560\" height=\"1707\" src=\"https:\/\/lodo.com.ar\/wp-content\/uploads\/2021\/09\/Encuentros-y-mercados-scaled.jpg\" class=\"attachment-full size-full\" alt=\"\" loading=\"lazy\" srcset=\"https:\/\/lodo.com.ar\/wp-content\/uploads\/2021\/09\/Encuentros-y-mercados-scaled.jpg 2560w, https:\/\/lodo.com.ar\/wp-content\/uploads\/2021\/09\/Encuentros-y-mercados-300x200.jpg 300w, https:\/\/lodo.com.ar\/wp-content\/uploads\/2021\/09\/Encuentros-y-mercados-1024x683.jpg 1024w, https:\/\/lodo.com.ar\/wp-content\/uploads\/2021\/09\/Encuentros-y-mercados-768x512.jpg 768w, https:\/\/lodo.com.ar\/wp-content\/uploads\/2021\/09\/Encuentros-y-mercados-1536x1024.jpg 1536w, https:\/\/lodo.com.ar\/wp-content\/uploads\/2021\/09\/Encuentros-y-mercados-2048x1365.jpg 2048w, https:\/\/lodo.com.ar\/wp-content\/uploads\/2021\/09\/Encuentros-y-mercados-700x467.jpg 700w, https:\/\/lodo.com.ar\/wp-content\/uploads\/2021\/09\/Encuentros-y-mercados-600x400.jpg 600w\" sizes=\"(max-width: 2560px) 100vw, 2560px\" \/>\t\t\t\t\t\t\t\t\t\t\t\t\t\t\t<\/div>\n\t\t\t\t<\/div>\n\t\t\t\t\t<\/div>\n\t\t<\/div>\n\t\t\t\t\t\t\t<\/div>\n\t\t<\/section>\n\t\t\t\t<section class=\"elementor-section elementor-top-section elementor-element elementor-element-d0ff2a0 qode_elementor_container_inner elementor-section-content-middle elementor-section-full_width elementor-section-height-default elementor-section-height-default parallax_section_no\" data-id=\"d0ff2a0\" data-element_type=\"section\">\n\t\t\t\t\t\t<div class=\"elementor-container elementor-column-gap-no\">\n\t\t\t\t\t<div class=\"elementor-column elementor-col-50 elementor-top-column elementor-element elementor-element-46474d0\" data-id=\"46474d0\" data-element_type=\"column\">\n\t\t\t<div class=\"elementor-widget-wrap elementor-element-populated\">\n\t\t\t\t\t\t\t\t<div class=\"elementor-element elementor-element-9db0aa1 elementor-widget elementor-widget-image\" data-id=\"9db0aa1\" data-element_type=\"widget\" data-widget_type=\"image.default\">\n\t\t\t\t<div class=\"elementor-widget-container\">\n\t\t\t\t\t\t\t\t\t\t\t\t\t\t\t<img width=\"1280\" height=\"960\" src=\"https:\/\/lodo.com.ar\/wp-content\/uploads\/2021\/09\/proyectos.jpeg\" class=\"attachment-full size-full\" alt=\"\" loading=\"lazy\" srcset=\"https:\/\/lodo.com.ar\/wp-content\/uploads\/2021\/09\/proyectos.jpeg 1280w, https:\/\/lodo.com.ar\/wp-content\/uploads\/2021\/09\/proyectos-300x225.jpeg 300w, https:\/\/lodo.com.ar\/wp-content\/uploads\/2021\/09\/proyectos-1024x768.jpeg 1024w, https:\/\/lodo.com.ar\/wp-content\/uploads\/2021\/09\/proyectos-768x576.jpeg 768w, https:\/\/lodo.com.ar\/wp-content\/uploads\/2021\/09\/proyectos-800x600.jpeg 800w, https:\/\/lodo.com.ar\/wp-content\/uploads\/2021\/09\/proyectos-700x525.jpeg 700w, https:\/\/lodo.com.ar\/wp-content\/uploads\/2021\/09\/proyectos-600x450.jpeg 600w\" sizes=\"(max-width: 1280px) 100vw, 1280px\" \/>\t\t\t\t\t\t\t\t\t\t\t\t\t\t\t<\/div>\n\t\t\t\t<\/div>\n\t\t\t\t\t<\/div>\n\t\t<\/div>\n\t\t\t\t<div class=\"elementor-column elementor-col-50 elementor-top-column elementor-element elementor-element-c2a3c43\" data-id=\"c2a3c43\" data-element_type=\"column\">\n\t\t\t<div class=\"elementor-widget-wrap elementor-element-populated\">\n\t\t\t\t\t\t\t\t<div class=\"elementor-element elementor-element-34ded6d elementor-widget elementor-widget-text-editor\" data-id=\"34ded6d\" data-element_type=\"widget\" data-widget_type=\"text-editor.default\">\n\t\t\t\t<div class=\"elementor-widget-container\">\n\t\t\t\t\t\t\t<h2>Projects<\/h2>\t\t\t\t\t\t<\/div>\n\t\t\t\t<\/div>\n\t\t\t\t<div class=\"elementor-element elementor-element-7f421f1 elementor-widget elementor-widget-text-editor\" data-id=\"7f421f1\" data-element_type=\"widget\" data-widget_type=\"text-editor.default\">\n\t\t\t\t<div class=\"elementor-widget-container\">\n\t\t\t\t\t\t\t<p><span style=\"font-weight: 400;\">LODO designs, proposes, participates and\/or produces special projects such as Proyecto Kami\u00f1ante de Papelito No M\u00e1s Es in which the Ecuadorian group walked from Quito, Ecuador, to the Centro Rural de Arte in Caz\u00f3n, Province of Buenos Aires; the visit of Colectivo Al Margen from Chile to Buenos Aires and the organization of performances of their play 3\u00d76: Informe de una vivencia de emergencia; the visit of the Brazilian play \u201cLOOPING: Bahia Overdub Fiesta, dance, music and politics; the creation of World Wide Music Box (Cajita Musical Planetaria) with the Argentine musician Nacho Sanchez to participate in the digital festival In\/Out of the platform Incidencias sonoras of Pro Helvetia and the founding of Colectivo <\/span><span style=\"font-weight: 400;\">Ut\u00f3pico <\/span><span style=\"font-weight: 400;\">in conjunction with 7oito (Brazil) and k7 productions (Switzerland) in the framework of the COINCIDENCIAS Program - Cultural Exchanges Switzerland - South America. Pro Helvetia<\/span><\/p>\t\t\t\t\t\t<\/div>\n\t\t\t\t<\/div>\n\t\t\t\t\t<\/div>\n\t\t<\/div>\n\t\t\t\t\t\t\t<\/div>\n\t\t<\/section>\n\t\t\t\t\t\t<\/div>\n\t\t\t\t\t<\/div>","protected":false},"excerpt":{"rendered":"<p>Festivales y Eventos El primer FESTIVAL LODO se realiz\u00f3 en el a\u00f1o 2014 en el Club Cultural Matienzo y dio inicio a nuestra plataforma. Este evento tuvo sucesivas ediciones en 2015, 2016 y 2018. En cada una de estas, se celebr\u00f3 la MARAT\u00d3N, actividad p\u00fablica&#8230;<\/p>","protected":false},"author":1,"featured_media":0,"parent":0,"menu_order":4,"comment_status":"closed","ping_status":"closed","template":"full_width.php","meta":[],"_links":{"self":[{"href":"https:\/\/lodo.com.ar\/en\/wp-json\/wp\/v2\/pages\/710"}],"collection":[{"href":"https:\/\/lodo.com.ar\/en\/wp-json\/wp\/v2\/pages"}],"about":[{"href":"https:\/\/lodo.com.ar\/en\/wp-json\/wp\/v2\/types\/page"}],"author":[{"embeddable":true,"href":"https:\/\/lodo.com.ar\/en\/wp-json\/wp\/v2\/users\/1"}],"replies":[{"embeddable":true,"href":"https:\/\/lodo.com.ar\/en\/wp-json\/wp\/v2\/comments?post=710"}],"version-history":[{"count":10,"href":"https:\/\/lodo.com.ar\/en\/wp-json\/wp\/v2\/pages\/710\/revisions"}],"predecessor-version":[{"id":1089,"href":"https:\/\/lodo.com.ar\/en\/wp-json\/wp\/v2\/pages\/710\/revisions\/1089"}],"wp:attachment":[{"href":"https:\/\/lodo.com.ar\/en\/wp-json\/wp\/v2\/media?parent=710"}],"curies":[{"name":"wp","href":"https:\/\/api.w.org\/{rel}","templated":true}]}}